{"id":583,"date":"2017-09-19T12:43:04","date_gmt":"2017-09-19T12:43:04","guid":{"rendered":"http:\/\/alchemists-wp.dan-fisher.com\/soccer\/?page_id=583"},"modified":"2023-10-06T20:46:33","modified_gmt":"2023-10-06T17:46:33","slug":"home","status":"publish","type":"page","link":"https:\/\/esenlersokakligi.com\/","title":{"rendered":"Anasayfa"},"content":{"rendered":"<p>[vc_row][vc_column offset=&#8221;vc_col-md-8&#8243;][alc_post_slider display_filter=&#8221;1&#8243; autoplay=&#8221;1&#8243; arrows=&#8221;1&#8243; title=&#8221;\u00d6ne \u00c7\u0131kan Haberler&#8221; taxonomies_categories=&#8221;the-team, the-league, injuries&#8221;][alc_post_loop items_per_page=&#8221;6&#8243;][\/vc_column][vc_column offset=&#8221;vc_col-md-4&#8243;][vc_widget_sidebar sidebar_id=&#8221;home-sidebar-1&#8243;][\/vc_column][\/vc_row]<\/p>\n","protected":false},"excerpt":{"rendered":"<p>[vc_row][vc_column offset=&#8221;vc_col-md-8&#8243;][alc_post_slider display_filter=&#8221;1&#8243; autoplay=&#8221;1&#8243; arrows=&#8221;1&#8243; title=&#8221;\u00d6ne \u00c7\u0131kan Haberler&#8221; taxonomies_categories=&#8221;the-team, the-league, injuries&#8221;][alc_post_loop items_per_page=&#8221;6&#8243;][\/vc_column][vc_column offset=&#8221;vc_col-md-4&#8243;][vc_widget_sidebar sidebar_id=&#8221;home-sidebar-1&#8243;][\/vc_column][\/vc_row]<\/p>\n","protected":false},"author":1,"featured_media":0,"parent":0,"menu_order":0,"comment_status":"closed","ping_status":"closed","template":"template-full-width.php","meta":{"inline_featured_image":false,"footnotes":""},"class_list":["post-583","page","type-page","status-publish","hentry"],"acf":[],"_links":{"self":[{"href":"https:\/\/esenlersokakligi.com\/index.php\/wp-json\/wp\/v2\/pages\/583","targetHints":{"allow":["GET"]}}],"collection":[{"href":"https:\/\/esenlersokakligi.com\/index.php\/wp-json\/wp\/v2\/pages"}],"about":[{"href":"https:\/\/esenlersokakligi.com\/index.php\/wp-json\/wp\/v2\/types\/page"}],"author":[{"embeddable":true,"href":"https:\/\/esenlersokakligi.com\/index.php\/wp-json\/wp\/v2\/users\/1"}],"replies":[{"embeddable":true,"href":"https:\/\/esenlersokakligi.com\/index.php\/wp-json\/wp\/v2\/comments?post=583"}],"version-history":[{"count":0,"href":"https:\/\/esenlersokakligi.com\/index.php\/wp-json\/wp\/v2\/pages\/583\/revisions"}],"wp:attachment":[{"href":"https:\/\/esenlersokakligi.com\/index.php\/wp-json\/wp\/v2\/media?parent=583"}],"curies":[{"name":"wp","href":"https:\/\/api.w.org\/{rel}","templated":true}]}}